{"id":70,"date":"2017-12-02T10:45:37","date_gmt":"2017-12-02T12:45:37","guid":{"rendered":"http:\/\/equipashow.com.br\/ver2\/?page_id=70"},"modified":"2021-11-06T09:34:46","modified_gmt":"2021-11-06T12:34:46","slug":"empresa","status":"publish","type":"page","link":"https:\/\/equipashow.com.br\/ver2\/empresa","title":{"rendered":"Empresa"},"content":{"rendered":"<h2>\u00a0<\/h2>\n<h2><strong>MISS\u00c3O<\/strong><\/h2>\n<p style=\"text-align: justify;\">Ser a maior integradora de solu\u00e7\u00f5es, m\u00e1quinas e equipamentos para efeitos especiais do Brasil. Atuando com qualidade e seguran\u00e7a nos segmentos de televis\u00e3o, comerciais, shows, publicidade, teatros, festas e eventos em geral.<\/p>\n<h2><strong>VIS\u00c3O<\/strong><\/h2>\n<p style=\"text-align: justify;\">Ser l\u00edder em integra\u00e7\u00e3o de servi\u00e7os e produtos especializados para eventos,\u00a0destacando-se pelo uso agressivo de tecnologias inovadoras,\u00a0equipes capacitadas e\u00a0comprometidas com a qualidade total e a satisfa\u00e7\u00e3o dos clientes.<\/p>\n<h2><strong>VALORES<\/strong><\/h2>\n<p>Responsabilidade social, \u00e9tica, inova\u00e7\u00e3o, dedica\u00e7\u00e3o, confiabilidade s\u00e3o os 5 princ\u00edpios seguidos para investirmos sempre na capacita\u00e7\u00e3o e treinamento de pessoas.<\/p>\n<h2><strong>LINHA DO TEMPO<\/strong><\/h2>\n<p style=\"text-align: justify;\"><strong>1994<\/strong>: Os irm\u00e3o Romeu e Jos\u00e9 Gomes, at\u00e9 ent\u00e3o jovens empreendedores, resolveram juntar suas poucas economias, e ainda estudantes, com a ajuda de seus pais, fundaram uma locadora de equipamentos de som e ilumina\u00e7\u00e3o com objetivo de fazer pequenas festinhas para seus amigos de bairro e colegas de escola.<\/p>\n<p style=\"text-align: justify;\"><strong>1995<\/strong>: Com a pouca oferta de empresas do segmento, o neg\u00f3cio se expandiu e os irm\u00e3os passaram a investir no treinamento de outros colegas para auxilia-los, formando uma equipe de amigos para prestar servi\u00e7os em festas sociais e tamb\u00e9m bailes em pequenos sal\u00f5es e col\u00e9gios (as chamadas domingueiras).<\/p>\n<p style=\"text-align: justify;\"><strong>1996<\/strong>: Com o crescimento da demanda, os irm\u00e3os resolveram transformar o empreendimento em uma empresa, e criaram a <em><strong>High Power Som e Ilumina\u00e7\u00e3o<\/strong><\/em>, fundada em fevereiro, teve como marco o carnaval onde inauguraram seu sistema de PA W-WORN no Clube Dos Oficiais da Aeron\u00e1utica de S\u00e3o Paulo.<\/p>\n<p style=\"text-align: justify;\"><strong>1997<\/strong>: Foi um ano de novidades e crescimento, a locadora passou a investir tamb\u00e9m em equipamentos de ilumina\u00e7\u00e3o, que come\u00e7avam a entrar no Brasil devido a abertura para importa\u00e7\u00e3o, e a estabiliza\u00e7\u00e3o da moeda.<\/p>\n<p style=\"text-align: justify;\"><strong>1998<\/strong>: Foi um ano tranquilo, a empresa se fortaleceu no mercado, e passou a agregar outros servi\u00e7os como o de projetos de sonoriza\u00e7\u00e3o e ilumina\u00e7\u00e3o para casas de shows, e a loca\u00e7\u00e3o de equipamentos para danceterias.<\/p>\n<p style=\"text-align: justify;\"><strong>1999<\/strong>: O ano foi marcado pela conquista na \u00e1rea de ilumina\u00e7\u00e3o, come\u00e7ando pelo carnaval, onde a empresa apresentou um sistema de ilumina\u00e7\u00e3o computadorizado com 16 scanners Intelabeam, at\u00e9 ent\u00e3o s\u00f3 utilizados em grandes shows. Terminamos o ano, realizando a ilumina\u00e7\u00e3o da pe\u00e7a teatral &#8220;O NASCIMENTO DE JESUS&#8221; na bas\u00edlica nacional de Nossa Senhora Aparecida, um espet\u00e1culo para mais de 100.000 pessoas.<\/p>\n<p style=\"text-align: justify;\"><strong>2000<\/strong>: Foi marcado pela entrada da empresa no segmento de fogos de artificio, tendo realizado a importa\u00e7\u00e3o de equipamentos piro musicais, e de artefatos pirot\u00e9cnicos (bombas) que n\u00e3o produziam fuma\u00e7a durante a queima, realizando diversos shows durante o ano, principalemnte no carnaval.<\/p>\n<p style=\"text-align: justify;\"><strong>2001<\/strong>: Foi dado in\u00edcio al\u00e9m da presta\u00e7\u00e3o de servi\u00e7os nos segmento de eventos, a comercializa\u00e7\u00e3o de equipamentos para outras empresas do setor.<\/p>\n<p style=\"text-align: justify;\"><strong>2002<\/strong>: Marcado pela expans\u00e3o do segmento de vendas, e o fortalecimento da montadora de eventos, que passou a locar tamb\u00e9m estruturas para palcos, tendas, arquibancadas e a montagem de feiras de neg\u00f3cios. Fundado o site da locadora, totalmente institucional.<\/p>\n<p style=\"text-align: justify;\"><strong>2003<\/strong>: Em fevereiro, fundamos a empresa, de vendas, <em><strong>Equipashow S. C. A. P. E. Ltda. <\/strong><\/em>que era totalmente independente da locadora, e a inaugura\u00e7\u00e3o do site www.equipashow.com.br que foi um dos primeiros sites de e-commerce do brasil no segmento especializado de artigos para eventos.<\/p>\n<p style=\"text-align: justify;\"><strong>2004<\/strong>: Fortalecimento no segmento de e-commerce, era na \u00e9poca a \u00fanica loja online especializada no com\u00e9rcio de artigos para DJs e Iluminadores que atendia todo o Brasil.<\/p>\n<p style=\"text-align: justify;\"><strong>2005<\/strong>: Passou a fornecer tamb\u00e9m produtos para shows, como estruturas met\u00e1licas personalizadas, palcos, cabines para DJ e equipamento de som e ilumina\u00e7\u00e3o para igrejas.<\/p>\n<p style=\"text-align: justify;\"><strong>2006<\/strong>: Teve como marco a participa\u00e7\u00e3o da loja na feira ExpoMusic 2006 que estava em sua 23\u00ba Edi\u00e7\u00e3o, apresentando uma completa linha de produtos nacionais e internacionais da marca Alpha Lights, que passou a ser importada pela empresa.<\/p>\n<p style=\"text-align: justify;\"><strong>2007<\/strong>: O sucesso na importa\u00e7\u00e3o de artigos para ilumina\u00e7\u00e3o da linha DJ foi t\u00e3o grande, que participamos novamente da ExpoMusic ent\u00e3o a maior feira do segmento, consolidando a empresa como fornecedora desta linha de equipamentos.<\/p>\n<p style=\"text-align: justify;\"><strong>2008<\/strong>: Um ano de mudan\u00e7as, passamos por uma grande crise, onde a empresa se dividiu, ficando somente no ramo de com\u00e9rcio, n\u00e3o mais importando equipamentos de ilumina\u00e7\u00e3o, e expandindo para o ramo de efeitos especiais.<\/p>\n<p style=\"text-align: justify;\"><strong>2009<\/strong>: Agora a empresa passa a oferecer n\u00e3o s\u00f3 equipamentos de som, ilumina\u00e7\u00e3o, estruturas met\u00e1licas e acess\u00f3rios para pirotecnia; como tamb\u00e9m, artigos para festas, m\u00e1quinas e acess\u00f3rios para efeitos especiais, e fantasias para teatros e shows.<\/p>\n<p><strong>2010<\/strong>: Com a crise no Brasil devido a repentina alta dos importados, a empresa passa a fabricar grande parte dos insumos, como fluidos de fuma\u00e7a, l\u00edquido de bolhas de sab\u00e3o, insumos para m\u00e1quinas de efeitos especiais, tintas corporais e materiais para maquiagem c\u00eanica e de efeitos.<\/p>\n<p style=\"text-align: justify;\"><strong>2011<\/strong>: Mudamos para um novo endere\u00e7o, passando a atuar no segmento de atacado e de varejo, de com representantes de vendas em todo o Brasil, e reformulamos o site para atender as novas tecnologias que vinham surgindo, e as novas exig\u00eancias do mercado.<\/p>\n<p style=\"text-align: justify;\"><strong>2012<\/strong>: Novamente, voltamos ao segmento de shows e de efeitos especiais, onde desenvolvemos uma marca pr\u00f3pria de insumos, e passamos a produzir efeitos sobre encomenda e para todos os segmentos como filmes, televis\u00e3o, comerciais e shows ao vivo.<\/p>\n<p style=\"text-align: justify;\"><strong>2013<\/strong>: Passamos a fornecer, n\u00e3o s\u00f3 produtos para festas e eventos em geral, como abrimos para a linha de produtos personalizados, uma constante demanda de nossos clientes, e solu\u00e7\u00f5es integradas de efeitos especiais e solu\u00e7\u00f5es em ilumina\u00e7\u00e3o e sonoriza\u00e7\u00e3o profissional.<\/p>\n<p style=\"text-align: justify;\"><strong>2014<\/strong>: Com a forte concorr\u00eancia de produtos para DJ e Ilumina\u00e7\u00e3o que entravam no Brasil nos especializamos em fornecer solu\u00e7\u00f5es de primeira linha, com alta disponibilidade e tamb\u00e9m produtos especiais e projetos \u00fanicos. Deixamos de atender o mercado de \u00e1udio, e nos focamos em atender clientes e projetos.<\/p>\n<p style=\"text-align: justify;\"><strong>2015<\/strong>: Abrimos outra loja f\u00edsica, tamb\u00e9m em Santana, sendo especializada em projetos e efeitos especiais e c\u00eanica para ilumina\u00e7\u00e3o arquitetural, efeitos especiais em televis\u00e3o e cinema, maquiagens teatrais.<\/p>\n<p style=\"text-align: justify;\"><strong>2016<\/strong>: Com a grande demanda do segmento de efeitos, nos especializamos na produ\u00e7\u00e3o e integra\u00e7\u00e3o de solu\u00e7\u00f5es, comercio, personaliza\u00e7\u00e3o e servi\u00e7os na \u00e1rea de efeitos especiais, atuando fortemente nos segmentos, atualmente, com 4 sites especializados no ramo, todos refer\u00eancias nos mercados que atuam.<\/p>\n<p style=\"text-align: justify;\"><strong>2017<\/strong>: Uma reviravolta, concentramos todos os nossos esfor\u00e7os em um \u00fanico lugar, ao inv\u00e9s de serem 4 empresas diferentes (presta\u00e7\u00e3o de servi\u00e7os, loca\u00e7\u00e3o, efeitos especiais, com\u00e9rcio eletr\u00f4nico), passamos a trabalhar um novo conceito, de fornecedora de solu\u00e7\u00f5es integradas para eventos. Reformulamos todo o site da Equipashow, que agora passa a ser n\u00e3o s\u00f3 uma loja virtual, como tamb\u00e9m uma integradora de solu\u00e7\u00f5es para eventos.<\/p>\n<p><strong>2019<\/strong>: Consolidando-se como uma prestadora de servi\u00e7o e fornecedora de solu\u00e7\u00f5es para eventos, a Equipashow passa a focar seu atendimento na \u00e1rea de Suporte e Integradora de servi\u00e7os, desenvolvendo solu\u00e7\u00f5es em Treinamentos, Cursos e Certifica\u00e7\u00f5es para profissionais que precisem atualizar-se ou credenciar-se junto as diversas entidas de classe. Al\u00e9m de presta\u00e7\u00e3o de servi\u00e7os de gest\u00e3o de m\u00eddia e presen\u00e7a, desenvolvendo sistemas para gerenciamento de m\u00eddia (anuncios, pain\u00e9is eletronicos, salas de espera e consult\u00f3rios, vitrines, entre outros).<\/p>\n<p><strong>2020<\/strong>: Com o surgimento da p\u00e2ndemia de COVID-19 a empresa decidiu-se mudar para outra cidade, agora no interior paulista, e focar totalmente seus esfor\u00e7os somente em CURSOS e TREINAMENTOS, e no desenvolvimento de solu\u00e7\u00f5es para presta\u00e7\u00e3o de servi\u00e7os e eventos ONLINE. Tendo desenvolvido e integrado softwares de gest\u00e3o online de feiras e eventos (SITEMA FEIRA-ONLINE) e fornecimento de sistemas para REUNI\u00d5ES PRIVATIVAS ONLINE (1-to-1 CALL) com acesso a WEBCAM podendo ser utilizados por qualquer tipo de consultores e chamadas privativas entre 2 usu\u00e1rios. Sistemas para gerenciamento remoto de m\u00eddias e conte\u00fados publicit\u00e1rios (DIGITAL SIGNAGE e DIGITAL-CONTENT) especializado em vitrines e conte\u00fados de imagens e v\u00eddeo para apresenta\u00e7\u00e3o em multi-telas (video wall) e conte\u00fado digital.<\/p>\n<p><strong>2021<\/strong>: Ainda com o prolongamento da PANDEMIA DE COVID-19 disponibilizamos um ambiente de cursos TOTALMENTE ONLINE, com certifica\u00e7\u00f5es emitidas e reconhecidas para as \u00e1reas de eventos, como treinamentos e v\u00eddeo aulas em diversos setores do segmento de eventos, cria\u00e7\u00e3o e fornecimento de conteudos para transmiss\u00f5es e cria\u00e7\u00f5es de conte\u00fado digital, e web-casting (transmiss\u00e3o online de video stream), gest\u00e3o de conte\u00fado publicit\u00e1rio, desenvolvimento de software e plataformas digitais para diversos segmentos.<\/p>\n<p><strong>2022<\/strong>: Muitas mudan\u00e7as est\u00e3o por vir, aguarde&#8230;<\/p>\n<h1>[xyz-ips snippet=&#8221;campanhas&#8221;]<\/h1>\n","protected":false},"excerpt":{"rendered":"<p>\u00a0 MISS\u00c3O Ser a maior integradora de solu\u00e7\u00f5es, m\u00e1quinas e equipamentos para efeitos especiais do Brasil. Atuando com qualidade e seguran\u00e7a nos segmentos de televis\u00e3o, comerciais, shows, publicidade, teatros, festas e eventos em geral. VIS\u00c3O Ser l\u00edder em integra\u00e7\u00e3o de servi\u00e7os e produtos especializados para eventos,\u00a0destacando-se pelo uso agressivo de tecnologias inovadoras,\u00a0equipes capacitadas e\u00a0comprometidas com [&hellip;]<\/p>\n","protected":false},"author":1,"featured_media":6,"parent":0,"menu_order":0,"comment_status":"closed","ping_status":"open","template":"","meta":{"footnotes":""},"class_list":["post-70","page","type-page","status-publish","has-post-thumbnail","hentry"],"_links":{"self":[{"href":"https:\/\/equipashow.com.br\/ver2\/wp-json\/wp\/v2\/pages\/70","targetHints":{"allow":["GET"]}}],"collection":[{"href":"https:\/\/equipashow.com.br\/ver2\/wp-json\/wp\/v2\/pages"}],"about":[{"href":"https:\/\/equipashow.com.br\/ver2\/wp-json\/wp\/v2\/types\/page"}],"author":[{"embeddable":true,"href":"https:\/\/equipashow.com.br\/ver2\/wp-json\/wp\/v2\/users\/1"}],"replies":[{"embeddable":true,"href":"https:\/\/equipashow.com.br\/ver2\/wp-json\/wp\/v2\/comments?post=70"}],"version-history":[{"count":0,"href":"https:\/\/equipashow.com.br\/ver2\/wp-json\/wp\/v2\/pages\/70\/revisions"}],"wp:featuredmedia":[{"embeddable":true,"href":"https:\/\/equipashow.com.br\/ver2\/wp-json\/wp\/v2\/media\/6"}],"wp:attachment":[{"href":"https:\/\/equipashow.com.br\/ver2\/wp-json\/wp\/v2\/media?parent=70"}],"curies":[{"name":"wp","href":"https:\/\/api.w.org\/{rel}","templated":true}]}}