{"id":245,"date":"2017-12-16T00:56:06","date_gmt":"2017-12-16T02:56:06","guid":{"rendered":"http:\/\/equipashow.com.br\/ver2\/?page_id=245"},"modified":"2021-11-06T09:45:31","modified_gmt":"2021-11-06T12:45:31","slug":"grupos-de-whatsapp","status":"publish","type":"page","link":"https:\/\/equipashow.com.br\/ver2\/contato\/grupos-de-whatsapp","title":{"rendered":"Grupos de Whatsapp"},"content":{"rendered":"<h2 style=\"text-align: justify;\">[xyz-ips snippet=&#8221;campanhas&#8221;]<\/h2>\n<p style=\"text-align: justify;\">Se voc\u00ea est\u00e1 contratando algu\u00e9m da \u00e1rea de eventos, ou se \u00e9 profissional da \u00e1rea e quer auxiliar outros profissionais ou mesmo clientes, ou se voc\u00ea \u00e9 um entusiasta ou possui um hobby nas \u00e1reas t\u00e9cnicas ou operacionais de eventos em geral, participe de nossos grupos de discuss\u00e3o sobre os assuntos no WhatsApp, basta clicar no link QUERO ENTRAR da tabela abaixo e pronto.<\/p>\n<div class=\"tg-wrap\">\n<table class=\"tg\" style=\"width: 622px;\">\n<tbody>\n<tr>\n<th class=\"tg-raoz\" style=\"width: 151px;\">\u00a0GRUPO<\/th>\n<th class=\"tg-72gw\" style=\"width: 384px;\">DESCRI\u00c7\u00c3O<\/th>\n<th class=\"tg-72gw\" style=\"width: 56px;\">LINK<\/th>\n<\/tr>\n<tr>\n<td class=\"tg-quxf\" style=\"width: 151px; text-align: center;\">Maquiagem Art\u00edstica<\/td>\n<td class=\"tg-oskr\" style=\"width: 384px; text-align: justify;\">\u00a0Grupo destinado a troca de mensagens sobre maquiagens art\u00edsticas, maquiagens de terror, pinturas corporais, maquiagens profissionais.<\/td>\n<td class=\"tg-oskr\" style=\"width: 56px; text-align: center;\"><a href=\"https:\/\/chat.whatsapp.com\/2U8gH8oaZ5JDq3xTVuFviu\" target=\"_blank\" rel=\"noopener\">\u00a0QUERO PARTICIPAR<\/a><\/td>\n<\/tr>\n<tr style=\"background-color: #ddd;\">\n<td class=\"tg-uqo3\" style=\"width: 151px; text-align: center;\">\u00a0Ilumina\u00e7\u00e3o Profissional<\/td>\n<td class=\"tg-yzt1\" style=\"width: 384px; text-align: justify;\">\u00a0Grupo destinado a troca de mensagens sobre ilumina\u00e7\u00e3o profissional, shows, el\u00e9trica de eventos, projetos, softwares e equipamentos e profissionais do setor.<\/td>\n<td class=\"tg-yzt1\" style=\"width: 56px; text-align: center;\">\u00a0<a href=\"https:\/\/chat.whatsapp.com\/5kfDBFB1CTl4qUboVrbADP\" target=\"_blank\" rel=\"noopener\">QUERO PARTICIPAR<\/a><\/td>\n<\/tr>\n<tr>\n<td class=\"tg-quxf\" style=\"width: 151px; text-align: center;\">\u00a0Sonoriza\u00e7\u00e3o Profissional<\/td>\n<td class=\"tg-oskr\" style=\"width: 384px; text-align: justify;\">\u00a0Grupo destinado a troca de mensagens sobre sonoriza\u00e7\u00e3o profissional, ac\u00fastica, \u00e1udio em igrejas, equipamentos de som e tamb\u00e9m para DJs e Cantores ou Bandas<\/td>\n<td class=\"tg-oskr\" style=\"width: 56px; text-align: center;\"><a href=\"https:\/\/chat.whatsapp.com\/5jCIQimydYtDXH7NgKrqIs\" target=\"_blank\" rel=\"noopener\">QUERO PARTICIPAR<\/a><\/td>\n<\/tr>\n<tr style=\"background-color: #ddd;\">\n<td class=\"tg-uqo3\" style=\"width: 151px; text-align: center;\">\u00a0Decora\u00e7\u00f5es em Eventos<\/td>\n<td class=\"tg-yzt1\" style=\"width: 384px; text-align: justify;\">\u00a0 Grupo destinado a troca de mensagens sobre decora\u00e7\u00f5es de eventos, cen\u00e1rios, decora\u00e7\u00e3o com tencionados e tecidos, bexigas e enfeites tem\u00e1ticos e temas para eventos<\/td>\n<td class=\"tg-yzt1\" style=\"width: 56px; text-align: center;\">\u00a0<a href=\"https:\/\/chat.whatsapp.com\/BS7qsBwQCSj5BRHa3Dn4RR\" target=\"_blank\" rel=\"noopener\">QUERO PARTICIPAR<\/a><\/td>\n<\/tr>\n<tr>\n<td class=\"tg-quxf\" style=\"width: 151px; text-align: center;\">Efeitos Especiais e Fogos<\/td>\n<td class=\"tg-oskr\" style=\"width: 384px; text-align: justify;\">\u00a0Grupo destinado a troca de mensagens sobre efeitos especiais, como realizar, prepara\u00e7\u00e3o, seguran\u00e7a, shows pirot\u00e9cnicos, fogos indoor e outdoor e todos os tipos de efeitos visuais.<\/td>\n<td class=\"tg-oskr\" style=\"width: 56px; text-align: center;\"><a href=\"https:\/\/chat.whatsapp.com\/B1ZLnouPi3OFuKuGbc98Je\" target=\"_blank\" rel=\"noopener\">QUERO PARTICIPAR<\/a><\/td>\n<\/tr>\n<tr style=\"background-color: #ddd;\">\n<td class=\"tg-uqo3\" style=\"width: 151px; text-align: center;\">\u00a0Loca\u00e7\u00f5es de M\u00e1quinas e Equipamentos P\/ Eventos<\/td>\n<td class=\"tg-yzt1\" style=\"width: 384px; text-align: justify;\">\u00a0 Grupo destinado a d\u00favidas e indica\u00e7\u00f5es de empresas que alugam m\u00e1quinas e equipamentos para eventos, paisagismo, decora\u00e7\u00e3o e artigos para buffet.<\/td>\n<td class=\"tg-yzt1\" style=\"width: 56px; text-align: center;\"><a href=\"https:\/\/chat.whatsapp.com\/IbBUjjmcIcv9gsAzYWqRtO\" target=\"_blank\" rel=\"noopener\">QUERO PARTICIPAR<\/a><\/td>\n<\/tr>\n<tr>\n<td class=\"tg-quxf\" style=\"width: 151px; text-align: center;\">Estruturas e Palcos<\/td>\n<td class=\"tg-oskr\" style=\"width: 384px; text-align: justify;\">\u00a0 Grupo destinado a estruturas treli\u00e7adas, arquibancadas, tendas, palcos, banheiros qu\u00edmicos e outras infraestruturas para realiza\u00e7\u00e3o de feiras e eventos.<\/td>\n<td class=\"tg-oskr\" style=\"width: 56px; text-align: center;\"><a href=\"https:\/\/chat.whatsapp.com\/2y5JuJr7WWmF7nuNUfZOiR\" target=\"_blank\" rel=\"noopener\">QUERO PARTICIPAR<\/a><\/td>\n<\/tr>\n<tr style=\"background-color: #ddd;\">\n<td class=\"tg-uqo3\" style=\"width: 151px; text-align: center;\">Teatro, TV e Broadcasting<\/td>\n<td class=\"tg-yzt1\" style=\"width: 384px; text-align: justify;\">\u00a0 Grupo destinado a produtores, t\u00e9cnicos, e profissionais em geral da \u00e1rea de broadcasting, televis\u00e3o, comerciais, produtoras em geral, e profissionais de radio e teatro. Proje\u00e7\u00f5es de grandes formatos, mapping, proje\u00e7\u00e3o mapeada e filmagens em geral.<\/td>\n<td class=\"tg-yzt1\" style=\"width: 56px; text-align: center;\"><a href=\"https:\/\/chat.whatsapp.com\/9TsqrmblePq5HbHV2eZL8R\" target=\"_blank\" rel=\"noopener\">QUERO PARTICIPAR<\/a><\/td>\n<\/tr>\n<tr>\n<td class=\"tg-quxf\" style=\"width: 151px; text-align: center;\">Assessoria em Eventos<\/td>\n<td class=\"tg-oskr\" style=\"width: 384px; text-align: justify;\">\u00a0Grupo destinado a assessores de eventos e festas sociais, organizadores de eventos, e profissionais em geral.<\/td>\n<td class=\"tg-oskr\" style=\"width: 56px; text-align: center;\"><a href=\"https:\/\/chat.whatsapp.com\/FnBIvS4cLDQIjm4oLGlFej\" target=\"_blank\" rel=\"noopener\">QUERO PARTICIPAR<\/a><\/td>\n<\/tr>\n<tr style=\"background-color: #ddd;\">\n<td class=\"tg-uqo3\" style=\"width: 151px; text-align: center;\">Projetos e Servi\u00e7os<\/td>\n<td class=\"tg-yzt1\" style=\"width: 384px; text-align: justify;\">\u00a0 Grupo destinado a projetistas e engenheiros em geral, e servi\u00e7os t\u00e9cnicos para eventos.<\/td>\n<td class=\"tg-yzt1\" style=\"width: 56px; text-align: center;\"><a href=\"https:\/\/chat.whatsapp.com\/2izukJj3VQ01IAvM3piaXv\" target=\"_blank\" rel=\"noopener\">QUERO PARTICIPAR<\/a><\/td>\n<\/tr>\n<tr>\n<td class=\"tg-quxf\" style=\"width: 151px; text-align: center;\">Servi\u00e7os e Profissionais<\/td>\n<td class=\"tg-oskr\" style=\"width: 384px; text-align: justify;\">\u00a0Grupo destinado a profissionais que est\u00e3o oferecendo seus servi\u00e7os para eventos, empresas em geral.<\/td>\n<td class=\"tg-oskr\" style=\"width: 56px; text-align: center;\"><a href=\"https:\/\/chat.whatsapp.com\/24ypuf3il3OLaShNaFAYQE\" target=\"_blank\" rel=\"noopener\">QUERO PARTICIPAR<\/a><\/td>\n<\/tr>\n<\/tbody>\n<\/table>\n<h2>REGRAS PARA TODOS OS GRUPOS:<\/h2>\n<p style=\"text-align: justify;\">Os grupos s\u00e3o feitos para troca de mensagens dentro dos temas propostos ou correlatos a estes, mensagens de outros conte\u00fados causam banimento do grupo.<br \/>\n\u00c9 proibido o envio de mensagens sobre politica, religi\u00e3o, esportes, correntes, not\u00edcias e pornografia. Bem como todo tipo de conte\u00fado discriminat\u00f3rio, palavras chulas, xingamentos, ou desmerecimento de qualquer um dos participantes.<br \/>\nProibido propagandas no grupo, para apresentar propostas ou divulgar seus servi\u00e7os, use a mensagem privada, ou pe\u00e7a permiss\u00e3o ao administrador antes do envio.<br \/>\nProibido divulgar outros grupos dentro do grupo sem consentimento do administrador.<br \/>\nProibido fazer FLOOD ou ficar mandando v\u00e1rias mensagens em sequencia.<br \/>\nEvite envio de mensagens de audio, use-as s\u00f3 em ultimo caso. V\u00eddeos tamb\u00e9m a n\u00e3o ser que seja necess\u00e1rio, prefira imagens em geral.<br \/>\nN\u00e3o seja rude, nem se envolva em brigas e discuss\u00f5es, quem discute ser\u00e1 banido, indiferente de ter iniciado ou n\u00e3o, de estar certo ou errado, ser\u00e3o banidos todos os que tiverem envolvimento.<br \/>\nQualquer d\u00favida, fale com o administrador do grupo.<\/p>\n<p style=\"text-align: justify;\">Se voc\u00ea tem um grupo de algum assunto correlato, deixe o link nos coment\u00e1rios que adicionaremos na lista.<\/p>\n<p>Se quiser sugerir a cria\u00e7\u00e3o de outros grupos, deixe o tema nos coment\u00e1rios.<\/p>\n<h2 style=\"text-align: justify;\">[xyz-ips snippet=&#8221;campanhas&#8221;]<\/h2>\n<\/div>\n","protected":false},"excerpt":{"rendered":"<p>[xyz-ips snippet=&#8221;campanhas&#8221;] Se voc\u00ea est\u00e1 contratando algu\u00e9m da \u00e1rea de eventos, ou se \u00e9 profissional da \u00e1rea e quer auxiliar outros profissionais ou mesmo clientes, ou se voc\u00ea \u00e9 um entusiasta ou possui um hobby nas \u00e1reas t\u00e9cnicas ou operacionais de eventos em geral, participe de nossos grupos de discuss\u00e3o sobre os assuntos no WhatsApp, [&hellip;]<\/p>\n","protected":false},"author":1,"featured_media":0,"parent":239,"menu_order":0,"comment_status":"closed","ping_status":"open","template":"","meta":{"footnotes":""},"class_list":["post-245","page","type-page","status-publish","hentry"],"_links":{"self":[{"href":"https:\/\/equipashow.com.br\/ver2\/wp-json\/wp\/v2\/pages\/245","targetHints":{"allow":["GET"]}}],"collection":[{"href":"https:\/\/equipashow.com.br\/ver2\/wp-json\/wp\/v2\/pages"}],"about":[{"href":"https:\/\/equipashow.com.br\/ver2\/wp-json\/wp\/v2\/types\/page"}],"author":[{"embeddable":true,"href":"https:\/\/equipashow.com.br\/ver2\/wp-json\/wp\/v2\/users\/1"}],"replies":[{"embeddable":true,"href":"https:\/\/equipashow.com.br\/ver2\/wp-json\/wp\/v2\/comments?post=245"}],"version-history":[{"count":0,"href":"https:\/\/equipashow.com.br\/ver2\/wp-json\/wp\/v2\/pages\/245\/revisions"}],"up":[{"embeddable":true,"href":"https:\/\/equipashow.com.br\/ver2\/wp-json\/wp\/v2\/pages\/239"}],"wp:attachment":[{"href":"https:\/\/equipashow.com.br\/ver2\/wp-json\/wp\/v2\/media?parent=245"}],"curies":[{"name":"wp","href":"https:\/\/api.w.org\/{rel}","templated":true}]}}