{"id":239,"date":"2017-12-15T17:16:36","date_gmt":"2017-12-15T19:16:36","guid":{"rendered":"http:\/\/equipashow.com.br\/ver2\/?page_id=239"},"modified":"2021-11-06T09:44:31","modified_gmt":"2021-11-06T12:44:31","slug":"contato","status":"publish","type":"page","link":"https:\/\/equipashow.com.br\/ver2\/contato","title":{"rendered":"Contato"},"content":{"rendered":"<h2 style=\"text-align: justify;\">[xyz-ips snippet=&#8221;campanhas&#8221;]<\/h2>\n<p>[contact-form-7 id=&#8221;238&#8243; title=&#8221;Formul\u00e1rio de contato 1&#8243;]<\/p>\n<hr \/>\n<p><strong>Equipashow Servi\u00e7os e Com\u00e9rcio de Artigos Para Eventos<\/strong><br \/>\nRua Maria Curupaiti, 191 cj 09 &#8211; Santana &#8211; S\u00e3o Paulo &#8211; SP &#8211; 02452-000<br \/>\n(11) 96462-1233 WhatsApp<\/p>\n<hr \/>\n<p><iframe loading=\"lazy\" style=\"border: 0;\" src=\"https:\/\/www.google.com\/maps\/embed?pb=!1m18!1m12!1m3!1d3658.7555105214437!2d-46.6433200850233!3d-23.50531418471074!2m3!1f0!2f0!3f0!3m2!1i1024!2i768!4f13.1!3m3!1m2!1s0x94cef7d087096373%3A0x66eb128f70a8e4c5!2sR.+Maria+Curupaiti%2C+191+-+Vila+Ester+(Zona+Norte)%2C+S%C3%A3o+Paulo+-+SP%2C+02452-000!5e0!3m2!1spt-BR!2sbr!4v1551122542013\" width=\"800\" height=\"600\" frameborder=\"0\" allowfullscreen=\"allowfullscreen\"><\/iframe><\/p>\n<h2 style=\"text-align: justify;\">[xyz-ips snippet=&#8221;campanhas&#8221;]<\/h2>\n","protected":false},"excerpt":{"rendered":"<p>[xyz-ips snippet=&#8221;campanhas&#8221;] [contact-form-7 id=&#8221;238&#8243; title=&#8221;Formul\u00e1rio de contato 1&#8243;] Equipashow Servi\u00e7os e Com\u00e9rcio de Artigos Para Eventos Rua Maria Curupaiti, 191 cj 09 &#8211; Santana &#8211; S\u00e3o Paulo &#8211; SP &#8211; 02452-000 (11) 96462-1233 WhatsApp [xyz-ips snippet=&#8221;campanhas&#8221;]<\/p>\n","protected":false},"author":1,"featured_media":0,"parent":0,"menu_order":0,"comment_status":"closed","ping_status":"open","template":"","meta":{"footnotes":""},"class_list":["post-239","page","type-page","status-publish","hentry"],"_links":{"self":[{"href":"https:\/\/equipashow.com.br\/ver2\/wp-json\/wp\/v2\/pages\/239","targetHints":{"allow":["GET"]}}],"collection":[{"href":"https:\/\/equipashow.com.br\/ver2\/wp-json\/wp\/v2\/pages"}],"about":[{"href":"https:\/\/equipashow.com.br\/ver2\/wp-json\/wp\/v2\/types\/page"}],"author":[{"embeddable":true,"href":"https:\/\/equipashow.com.br\/ver2\/wp-json\/wp\/v2\/users\/1"}],"replies":[{"embeddable":true,"href":"https:\/\/equipashow.com.br\/ver2\/wp-json\/wp\/v2\/comments?post=239"}],"version-history":[{"count":0,"href":"https:\/\/equipashow.com.br\/ver2\/wp-json\/wp\/v2\/pages\/239\/revisions"}],"wp:attachment":[{"href":"https:\/\/equipashow.com.br\/ver2\/wp-json\/wp\/v2\/media?parent=239"}],"curies":[{"name":"wp","href":"https:\/\/api.w.org\/{rel}","templated":true}]}}